{"id":3682,"date":"2024-09-12T12:06:11","date_gmt":"2024-09-12T10:06:11","guid":{"rendered":"https:\/\/www.octavin.it\/?page_id=3682"},"modified":"2026-01-27T16:49:26","modified_gmt":"2026-01-27T15:49:26","slug":"wine","status":"publish","type":"page","link":"https:\/\/www.octavin.it\/en\/wine\/","title":{"rendered":"Wine"},"content":{"rendered":"\t\t<div data-elementor-type=\"wp-post\" data-elementor-id=\"3682\" class=\"elementor elementor-3682 elementor-3681\" data-elementor-post-type=\"page\">\n\t\t\t\t\t\t<section class=\"elementor-section elementor-top-section elementor-element elementor-element-722f006 elementor-section-full_width elementor-reverse-tablet elementor-reverse-mobile elementor-section-height-default elementor-section-height-default\" data-id=\"722f006\" data-element_type=\"section\" data-e-type=\"section\" data-settings=\"{&quot;background_background&quot;:&quot;classic&quot;}\">\n\t\t\t\t\t\t\t<div class=\"elementor-background-overlay\"><\/div>\n\t\t\t\t\t\t\t<div class=\"elementor-container elementor-column-gap-default\">\n\t\t\t\t\t<div class=\"elementor-column elementor-col-100 elementor-top-column elementor-element elementor-element-8f3c6ff animated-slow mindset-homepage elementor-invisible\" data-id=\"8f3c6ff\" data-element_type=\"column\" data-e-type=\"column\" data-settings=\"{&quot;animation&quot;:&quot;fadeIn&quot;}\">\n\t\t\t<div class=\"elementor-widget-wrap elementor-element-populated\">\n\t\t\t\t\t\t<div class=\"elementor-element elementor-element-430bf5c elementor-align-left elementor-absolute elementor-widget__width-auto elementor-widget elementor-widget-button\" data-id=\"430bf5c\" data-element_type=\"widget\" data-e-type=\"widget\" data-settings=\"{&quot;_position&quot;:&quot;absolute&quot;}\" data-widget_type=\"button.default\">\n\t\t\t\t<div class=\"elementor-widget-container\">\n\t\t\t\t\t\t\t\t\t<div class=\"elementor-button-wrapper\">\n\t\t\t\t\t<a class=\"elementor-button elementor-button-link elementor-size-md\" href=\"https:\/\/www.octavin.it\/en\/\">\n\t\t\t\t\t\t<span class=\"elementor-button-content-wrapper\">\n\t\t\t\t\t\t<span class=\"elementor-button-icon\">\n\t\t\t\t<i aria-hidden=\"true\" class=\"fas fa-arrow-left\"><\/i>\t\t\t<\/span>\n\t\t\t\t\t\t\t\t\t<span class=\"elementor-button-text\">Back<\/span>\n\t\t\t\t\t<\/span>\n\t\t\t\t\t<\/a>\n\t\t\t\t<\/div>\n\t\t\t\t\t\t\t\t<\/div>\n\t\t\t\t<\/div>\n\t\t\t\t<section class=\"elementor-section elementor-inner-section elementor-element elementor-element-7a19285 elementor-section-boxed elementor-section-height-default elementor-section-height-default\" data-id=\"7a19285\" data-element_type=\"section\" data-e-type=\"section\">\n\t\t\t\t\t\t<div class=\"elementor-container elementor-column-gap-default\">\n\t\t\t\t\t<div class=\"elementor-column elementor-col-100 elementor-inner-column elementor-element elementor-element-562fe34\" data-id=\"562fe34\" data-element_type=\"column\" data-e-type=\"column\">\n\t\t\t<div class=\"elementor-widget-wrap elementor-element-populated\">\n\t\t\t\t\t\t<div class=\"elementor-element elementor-element-5bc7124 font-text elementor-widget elementor-widget-text-editor\" data-id=\"5bc7124\" data-element_type=\"widget\" data-e-type=\"widget\" data-widget_type=\"text-editor.default\">\n\t\t\t\t<div class=\"elementor-widget-container\">\n\t\t\t\t\t\t\t\t\t<p>Tasting natural wine can be a roller-coaster ride or a tame and well-mannered experience, but usually the best wines will evoke some sort of emotional reaction.<\/p>\t\t\t\t\t\t\t\t<\/div>\n\t\t\t\t<\/div>\n\t\t\t\t<div class=\"elementor-element elementor-element-3f4e61e font-text quote elementor-widget elementor-widget-text-editor\" data-id=\"3f4e61e\" data-element_type=\"widget\" data-e-type=\"widget\" data-widget_type=\"text-editor.default\">\n\t\t\t\t<div class=\"elementor-widget-container\">\n\t\t\t\t\t\t\t\t\t<p>Alice Feiring<\/p>\t\t\t\t\t\t\t\t<\/div>\n\t\t\t\t<\/div>\n\t\t\t\t\t<\/div>\n\t\t<\/div>\n\t\t\t\t\t<\/div>\n\t\t<\/section>\n\t\t\t\t<section class=\"elementor-section elementor-inner-section elementor-element elementor-element-5c6db91 elementor-section-boxed elementor-section-height-default elementor-section-height-default\" data-id=\"5c6db91\" data-element_type=\"section\" data-e-type=\"section\">\n\t\t\t\t\t\t<div class=\"elementor-container elementor-column-gap-default\">\n\t\t\t\t\t<div class=\"elementor-column elementor-col-100 elementor-inner-column elementor-element elementor-element-ba4d3f6\" data-id=\"ba4d3f6\" data-element_type=\"column\" data-e-type=\"column\">\n\t\t\t<div class=\"elementor-widget-wrap elementor-element-populated\">\n\t\t\t\t\t\t<div class=\"elementor-element elementor-element-4fe3395 font-text  elementor-widget elementor-widget-text-editor\" data-id=\"4fe3395\" data-element_type=\"widget\" data-e-type=\"widget\" data-widget_type=\"text-editor.default\">\n\t\t\t\t<div class=\"elementor-widget-container\">\n\t\t\t\t\t\t\t\t\t<p>Montedeiroari <strong>ombrettaagricola<\/strong> costadila <strong>tunia<\/strong> dote <strong>mazzeschi<\/strong> laboheme <strong>nocontrol<\/strong> l\u2019egrapille <strong>jeanyvesperon<\/strong> ormiale <strong>jeromelambert<\/strong> letempesdecerises <strong>chateaulafitte<\/strong> strhomeier <strong>frukstereo<\/strong> yahoufatal <strong>cidreriedevulcaine<\/strong> momentomori <strong>3fontaine<\/strong> denavolo <strong>brasseriedesvoirons<\/strong> brasseriemosaique <strong>parascos<\/strong> lecoste <strong>gabriobini<\/strong> cornelissen <strong>carlito<\/strong> overnoy <strong>domainedecavarodes<\/strong> ganevat <strong>domainedel\u2019octavin<\/strong> patrickdesplat <strong>amelie&amp;sebastienjacques<\/strong> patricehughesbeguet <strong>lestignac<\/strong> domainedelaborde <strong>houillon&amp;renaudbruyer<\/strong> danielsage <strong>nicolasjoly<\/strong> j.P.Robinot <strong>mai&amp;kenjihoudson<\/strong> domainedebeaumont <strong>lavigneduperon<\/strong> sextant <strong>matassa<\/strong> recruedessens <strong>naima&amp;daviddidon<\/strong> vignobledel\u2019arbreblanc <strong>romaneauxdestezet<\/strong> gauby <strong>domainedelagrandecolline<\/strong> cuna <strong>lepetitdomainedegimios<\/strong> lesvinsducabanon <strong>milannestarec<\/strong> trossen <strong>martowine<\/strong> <strong>tschida<\/strong> rebenhof <strong>marie&amp;seppmuster<\/strong> organicanarchy <strong>nikaufarm<\/strong> pacina <strong>massavecchia<\/strong> gutoggau <strong>colleprimo<\/strong> bioselvatico <strong>fattoriabrena<\/strong> poderedipomaio <strong>fattoriadelpino<\/strong> stelladicampalto <strong>trinchero<\/strong> giusepperinaldi <strong>ognostro<\/strong> panevino <strong>ratapoil<\/strong> aurelienlefort <strong>closrougeard<\/strong> jeromsaurigny <strong>lestempfaittout<\/strong> vignesdumaynes <strong>jeanfoillard<\/strong> marcellapierre <strong>jeromebalmet<\/strong><br \/>Philippejambon <strong>piombaia<\/strong> lijsternest<\/p>\t\t\t\t\t\t\t\t<\/div>\n\t\t\t\t<\/div>\n\t\t\t\t\t<\/div>\n\t\t<\/div>\n\t\t\t\t\t<\/div>\n\t\t<\/section>\n\t\t\t\t\t<\/div>\n\t\t<\/div>\n\t\t\t\t\t<\/div>\n\t\t<\/section>\n\t\t\t\t<\/div>\n\t\t","protected":false},"excerpt":{"rendered":"<p>Back Tasting natural wine can be a roller-coaster ride or a tame and well-mannered experience, but usually the best wines will evoke some sort of emotional reaction. Alice Feiring Montedeiroari ombrettaagricola costadila tunia dote mazzeschi laboheme nocontrol l\u2019egrapille jeanyvesperon ormiale jeromelambert letempesdecerises chateaulafitte strhomeier frukstereo yahoufatal cidreriedevulcaine momentomori 3fontaine denavolo brasseriedesvoirons brasseriemosaique parascos lecoste gabriobini &#8230; <a title=\"Wine\" class=\"read-more\" href=\"https:\/\/www.octavin.it\/en\/wine\/\">Read more<span class=\"screen-reader-text\">Wine<\/span><\/a><\/p>\n","protected":false},"author":1,"featured_media":0,"parent":0,"menu_order":0,"comment_status":"closed","ping_status":"closed","template":"","meta":{"_acf_changed":false,"footnotes":""},"class_list":["post-3682","page","type-page","status-publish"],"acf":[],"yoast_head":"<!-- This site is optimized with the Yoast SEO plugin v27.4 - https:\/\/yoast.com\/product\/yoast-seo-wordpress\/ -->\n<title>Octavin | Our Menu: solo ingredienti stagionali, sostenibili e di qualit\u00e0<\/title>\n<meta name=\"description\" content=\"Qualit\u00e0, stagionalit\u00e0, sostenibilit\u00e0. Da questi tre presupposti abbiamo iniziato a pensare al nostro menu che forma la proposta gastronomica di Octavin.\" \/>\n<meta name=\"robots\" content=\"index, follow, max-snippet:-1, max-image-preview:large, max-video-preview:-1\" \/>\n<link rel=\"canonical\" href=\"https:\/\/www.octavin.it\/en\/wine\/\" \/>\n<meta property=\"og:locale\" content=\"en_US\" \/>\n<meta property=\"og:type\" content=\"article\" \/>\n<meta property=\"og:title\" content=\"Octavin | Our Menu: solo ingredienti stagionali, sostenibili e di qualit\u00e0\" \/>\n<meta property=\"og:description\" content=\"Qualit\u00e0, stagionalit\u00e0, sostenibilit\u00e0. Da questi tre presupposti abbiamo iniziato a pensare al nostro menu che forma la proposta gastronomica di Octavin.\" \/>\n<meta property=\"og:url\" content=\"https:\/\/www.octavin.it\/en\/wine\/\" \/>\n<meta property=\"og:site_name\" content=\"Octavin\" \/>\n<meta property=\"article:publisher\" content=\"https:\/\/www.facebook.com\/octavinarezzo\/\" \/>\n<meta property=\"article:modified_time\" content=\"2026-01-27T15:49:26+00:00\" \/>\n<meta property=\"og:image\" content=\"https:\/\/www.octavin.it\/wp-content\/uploads\/2018\/11\/IMG_5727.jpg\" \/>\n\t<meta property=\"og:image:width\" content=\"1600\" \/>\n\t<meta property=\"og:image:height\" content=\"2000\" \/>\n\t<meta property=\"og:image:type\" content=\"image\/jpeg\" \/>\n<meta name=\"twitter:card\" content=\"summary_large_image\" \/>\n<meta name=\"twitter:label1\" content=\"Est. reading time\" \/>\n\t<meta name=\"twitter:data1\" content=\"1 minute\" \/>\n<script type=\"application\/ld+json\" class=\"yoast-schema-graph\">{\"@context\":\"https:\\\/\\\/schema.org\",\"@graph\":[{\"@type\":\"WebPage\",\"@id\":\"https:\\\/\\\/www.octavin.it\\\/en\\\/wine\\\/\",\"url\":\"https:\\\/\\\/www.octavin.it\\\/en\\\/wine\\\/\",\"name\":\"Octavin | Our Menu: solo ingredienti stagionali, sostenibili e di qualit\u00e0\",\"isPartOf\":{\"@id\":\"https:\\\/\\\/www.octavin.it\\\/en\\\/#website\"},\"datePublished\":\"2024-09-12T10:06:11+00:00\",\"dateModified\":\"2026-01-27T15:49:26+00:00\",\"description\":\"Qualit\u00e0, stagionalit\u00e0, sostenibilit\u00e0. Da questi tre presupposti abbiamo iniziato a pensare al nostro menu che forma la proposta gastronomica di Octavin.\",\"breadcrumb\":{\"@id\":\"https:\\\/\\\/www.octavin.it\\\/en\\\/wine\\\/#breadcrumb\"},\"inLanguage\":\"en-US\",\"potentialAction\":[{\"@type\":\"ReadAction\",\"target\":[\"https:\\\/\\\/www.octavin.it\\\/en\\\/wine\\\/\"]}]},{\"@type\":\"BreadcrumbList\",\"@id\":\"https:\\\/\\\/www.octavin.it\\\/en\\\/wine\\\/#breadcrumb\",\"itemListElement\":[{\"@type\":\"ListItem\",\"position\":1,\"name\":\"Home\",\"item\":\"https:\\\/\\\/www.octavin.it\\\/en\\\/octavin\\\/\"},{\"@type\":\"ListItem\",\"position\":2,\"name\":\"Wine\"}]},{\"@type\":\"WebSite\",\"@id\":\"https:\\\/\\\/www.octavin.it\\\/en\\\/#website\",\"url\":\"https:\\\/\\\/www.octavin.it\\\/en\\\/\",\"name\":\"Octavin\",\"description\":\"Tavola Contemporanea\",\"publisher\":{\"@id\":\"https:\\\/\\\/www.octavin.it\\\/en\\\/#organization\"},\"potentialAction\":[{\"@type\":\"SearchAction\",\"target\":{\"@type\":\"EntryPoint\",\"urlTemplate\":\"https:\\\/\\\/www.octavin.it\\\/en\\\/?s={search_term_string}\"},\"query-input\":{\"@type\":\"PropertyValueSpecification\",\"valueRequired\":true,\"valueName\":\"search_term_string\"}}],\"inLanguage\":\"en-US\"},{\"@type\":\"Organization\",\"@id\":\"https:\\\/\\\/www.octavin.it\\\/en\\\/#organization\",\"name\":\"Octavin\",\"url\":\"https:\\\/\\\/www.octavin.it\\\/en\\\/\",\"logo\":{\"@type\":\"ImageObject\",\"inLanguage\":\"en-US\",\"@id\":\"https:\\\/\\\/www.octavin.it\\\/en\\\/#\\\/schema\\\/logo\\\/image\\\/\",\"url\":\"https:\\\/\\\/www.octavin.it\\\/wp-content\\\/uploads\\\/2018\\\/11\\\/logo-white-octavin.png\",\"contentUrl\":\"https:\\\/\\\/www.octavin.it\\\/wp-content\\\/uploads\\\/2018\\\/11\\\/logo-white-octavin.png\",\"width\":487,\"height\":190,\"caption\":\"Octavin\"},\"image\":{\"@id\":\"https:\\\/\\\/www.octavin.it\\\/en\\\/#\\\/schema\\\/logo\\\/image\\\/\"},\"sameAs\":[\"https:\\\/\\\/www.facebook.com\\\/octavinarezzo\\\/\",\"https:\\\/\\\/www.instagram.com\\\/octavin_arezzo\\\/\"]}]}<\/script>\n<!-- \/ Yoast SEO plugin. -->","yoast_head_json":{"title":"Octavin | Our Menu: solo ingredienti stagionali, sostenibili e di qualit\u00e0","description":"Qualit\u00e0, stagionalit\u00e0, sostenibilit\u00e0. Da questi tre presupposti abbiamo iniziato a pensare al nostro menu che forma la proposta gastronomica di Octavin.","robots":{"index":"index","follow":"follow","max-snippet":"max-snippet:-1","max-image-preview":"max-image-preview:large","max-video-preview":"max-video-preview:-1"},"canonical":"https:\/\/www.octavin.it\/en\/wine\/","og_locale":"en_US","og_type":"article","og_title":"Octavin | Our Menu: solo ingredienti stagionali, sostenibili e di qualit\u00e0","og_description":"Qualit\u00e0, stagionalit\u00e0, sostenibilit\u00e0. Da questi tre presupposti abbiamo iniziato a pensare al nostro menu che forma la proposta gastronomica di Octavin.","og_url":"https:\/\/www.octavin.it\/en\/wine\/","og_site_name":"Octavin","article_publisher":"https:\/\/www.facebook.com\/octavinarezzo\/","article_modified_time":"2026-01-27T15:49:26+00:00","og_image":[{"width":1600,"height":2000,"url":"https:\/\/www.octavin.it\/wp-content\/uploads\/2018\/11\/IMG_5727.jpg","type":"image\/jpeg"}],"twitter_card":"summary_large_image","twitter_misc":{"Est. reading time":"1 minute"},"schema":{"@context":"https:\/\/schema.org","@graph":[{"@type":"WebPage","@id":"https:\/\/www.octavin.it\/en\/wine\/","url":"https:\/\/www.octavin.it\/en\/wine\/","name":"Octavin | Our Menu: solo ingredienti stagionali, sostenibili e di qualit\u00e0","isPartOf":{"@id":"https:\/\/www.octavin.it\/en\/#website"},"datePublished":"2024-09-12T10:06:11+00:00","dateModified":"2026-01-27T15:49:26+00:00","description":"Qualit\u00e0, stagionalit\u00e0, sostenibilit\u00e0. Da questi tre presupposti abbiamo iniziato a pensare al nostro menu che forma la proposta gastronomica di Octavin.","breadcrumb":{"@id":"https:\/\/www.octavin.it\/en\/wine\/#breadcrumb"},"inLanguage":"en-US","potentialAction":[{"@type":"ReadAction","target":["https:\/\/www.octavin.it\/en\/wine\/"]}]},{"@type":"BreadcrumbList","@id":"https:\/\/www.octavin.it\/en\/wine\/#breadcrumb","itemListElement":[{"@type":"ListItem","position":1,"name":"Home","item":"https:\/\/www.octavin.it\/en\/octavin\/"},{"@type":"ListItem","position":2,"name":"Wine"}]},{"@type":"WebSite","@id":"https:\/\/www.octavin.it\/en\/#website","url":"https:\/\/www.octavin.it\/en\/","name":"Octavin","description":"Tavola Contemporanea","publisher":{"@id":"https:\/\/www.octavin.it\/en\/#organization"},"potentialAction":[{"@type":"SearchAction","target":{"@type":"EntryPoint","urlTemplate":"https:\/\/www.octavin.it\/en\/?s={search_term_string}"},"query-input":{"@type":"PropertyValueSpecification","valueRequired":true,"valueName":"search_term_string"}}],"inLanguage":"en-US"},{"@type":"Organization","@id":"https:\/\/www.octavin.it\/en\/#organization","name":"Octavin","url":"https:\/\/www.octavin.it\/en\/","logo":{"@type":"ImageObject","inLanguage":"en-US","@id":"https:\/\/www.octavin.it\/en\/#\/schema\/logo\/image\/","url":"https:\/\/www.octavin.it\/wp-content\/uploads\/2018\/11\/logo-white-octavin.png","contentUrl":"https:\/\/www.octavin.it\/wp-content\/uploads\/2018\/11\/logo-white-octavin.png","width":487,"height":190,"caption":"Octavin"},"image":{"@id":"https:\/\/www.octavin.it\/en\/#\/schema\/logo\/image\/"},"sameAs":["https:\/\/www.facebook.com\/octavinarezzo\/","https:\/\/www.instagram.com\/octavin_arezzo\/"]}]}},"_links":{"self":[{"href":"https:\/\/www.octavin.it\/en\/wp-json\/wp\/v2\/pages\/3682","targetHints":{"allow":["GET"]}}],"collection":[{"href":"https:\/\/www.octavin.it\/en\/wp-json\/wp\/v2\/pages"}],"about":[{"href":"https:\/\/www.octavin.it\/en\/wp-json\/wp\/v2\/types\/page"}],"author":[{"embeddable":true,"href":"https:\/\/www.octavin.it\/en\/wp-json\/wp\/v2\/users\/1"}],"replies":[{"embeddable":true,"href":"https:\/\/www.octavin.it\/en\/wp-json\/wp\/v2\/comments?post=3682"}],"version-history":[{"count":25,"href":"https:\/\/www.octavin.it\/en\/wp-json\/wp\/v2\/pages\/3682\/revisions"}],"predecessor-version":[{"id":3980,"href":"https:\/\/www.octavin.it\/en\/wp-json\/wp\/v2\/pages\/3682\/revisions\/3980"}],"wp:attachment":[{"href":"https:\/\/www.octavin.it\/en\/wp-json\/wp\/v2\/media?parent=3682"}],"curies":[{"name":"wp","href":"https:\/\/api.w.org\/{rel}","templated":true}]}}